{"id":2888,"date":"2023-11-09T15:52:17","date_gmt":"2023-11-09T12:52:17","guid":{"rendered":"https:\/\/beta.celebrityjewellers.com\/iletisim\/"},"modified":"2023-12-27T17:27:48","modified_gmt":"2023-12-27T14:27:48","slug":"contact-us","status":"publish","type":"page","link":"https:\/\/celebrityjewellers.com\/en\/contact-us\/","title":{"rendered":"Contact Us"},"content":{"rendered":"\t\t<div data-elementor-type=\"wp-page\" data-elementor-id=\"2888\" class=\"elementor elementor-2888 elementor-75\">\n\t\t\t\t\t\t<section class=\"elementor-section elementor-top-section elementor-element elementor-element-ffbb815 elementor-section-full_width elementor-section-height-default elementor-section-height-default\" data-id=\"ffbb815\" data-element_type=\"section\" data-e-type=\"section\">\n\t\t\t\t\t\t<div class=\"elementor-container elementor-column-gap-default\">\n\t\t\t\t\t<div class=\"elementor-column elementor-col-100 elementor-top-column elementor-element elementor-element-5181539\" data-id=\"5181539\" data-element_type=\"column\" data-e-type=\"column\">\n\t\t\t<div class=\"elementor-widget-wrap elementor-element-populated\">\n\t\t\t\t\t\t<div class=\"elementor-element elementor-element-e2291bb elementor-widget elementor-widget-text-editor\" data-id=\"e2291bb\" data-element_type=\"widget\" data-e-type=\"widget\" data-widget_type=\"text-editor.default\">\n\t\t\t\t<div class=\"elementor-widget-container\">\n\t\t\t\t\t\t\t\t\t<h2>Get in touch with us<\/h2>\n\t\t\t\t\t\t\t\t<\/div>\n\t\t\t\t<\/div>\n\t\t\t\t\t<\/div>\n\t\t<\/div>\n\t\t\t\t\t<\/div>\n\t\t<\/section>\n\t\t\t\t<section class=\"elementor-section elementor-top-section elementor-element elementor-element-6b18c51 elementor-section-full_width elementor-section-height-default elementor-section-height-default\" data-id=\"6b18c51\" data-element_type=\"section\" data-e-type=\"section\">\n\t\t\t\t\t\t<div class=\"elementor-container elementor-column-gap-default\">\n\t\t\t\t\t<div class=\"elementor-column elementor-col-50 elementor-top-column elementor-element elementor-element-398f048\" data-id=\"398f048\" data-element_type=\"column\" data-e-type=\"column\">\n\t\t\t<div class=\"elementor-widget-wrap elementor-element-populated\">\n\t\t\t\t\t\t<div class=\"elementor-element elementor-element-0edb9c5 elementor-widget elementor-widget-text-editor\" data-id=\"0edb9c5\" data-element_type=\"widget\" data-e-type=\"widget\" data-widget_type=\"text-editor.default\">\n\t\t\t\t<div class=\"elementor-widget-container\">\n\t\t\t\t\t\t\t\t\t<p><b>Address :<\/b><\/p><p>Celebrity Jewellers<\/p><p><span style=\"text-decoration: underline;\"><a href=\"https:\/\/goo.gl\/maps\/7dRuTUJJjHkYhXiN7\" target=\"_blank\" rel=\"noopener\">\u015eerefefendi Sokak, \u00c7\u0131rak Han No:38\/7 Ca\u011falo\u011flu, \u0130stanbul<\/a><\/span><\/p><p><span style=\"text-decoration: underline;\"><a href=\"https:\/\/goo.gl\/maps\/NboEZooQMGURitj9A\" target=\"_blank\" rel=\"noopener\">Abdi \u0130pek\u00e7i Cd. Milli Reas\u00fcrans Pasaj\u0131, no:40, Te\u015fvikiye-Ni\u015fanta\u015f\u0131 \u0130stanbul\u00a0<\/a><\/span><\/p>\t\t\t\t\t\t\t\t<\/div>\n\t\t\t\t<\/div>\n\t\t\t\t<div class=\"elementor-element elementor-element-f38a3dc elementor-widget elementor-widget-text-editor\" data-id=\"f38a3dc\" data-element_type=\"widget\" data-e-type=\"widget\" data-widget_type=\"text-editor.default\">\n\t\t\t\t<div class=\"elementor-widget-container\">\n\t\t\t\t\t\t\t\t\t<p><b>Showroom Reservations:<\/b><\/p><p><strong>Whatsapp<\/strong><\/p><p><a href=\"https:\/\/wa.me\/905323621460\" target=\"_blank\" rel=\"noopener\">+90 532 362 14 60<\/a><\/p><p><b>Phone<\/b><\/p><p><a href=\"tel:+90 532 362 14 60\">+90 532 362 14 60<\/a><\/p><p><b>Email<\/b><\/p><p><a href=\"mailto:info@celebrityjewellers.com\" target=\"_blank\" rel=\"noopener\">info@celebrityjewellers.com<\/a><\/p>\t\t\t\t\t\t\t\t<\/div>\n\t\t\t\t<\/div>\n\t\t\t\t\t<\/div>\n\t\t<\/div>\n\t\t\t\t<div class=\"elementor-column elementor-col-50 elementor-top-column elementor-element elementor-element-d52d7a5\" data-id=\"d52d7a5\" data-element_type=\"column\" data-e-type=\"column\">\n\t\t\t<div class=\"elementor-widget-wrap\">\n\t\t\t\t\t\t\t<\/div>\n\t\t<\/div>\n\t\t\t\t\t<\/div>\n\t\t<\/section>\n\t\t\t\t<\/div>\n\t\t","protected":false},"excerpt":{"rendered":"<p>Get in touch with us Address : Celebrity Jewellers \u015eerefefendi Sokak, \u00c7\u0131rak Han No:38\/7 Ca\u011falo\u011flu, \u0130stanbul Abdi \u0130pek\u00e7i Cd. Milli Reas\u00fcrans Pasaj\u0131, no:40, Te\u015fvikiye-Ni\u015fanta\u015f\u0131 \u0130stanbul\u00a0 Showroom Reservations: Whatsapp +90 532&hellip;<\/p>\n","protected":false},"author":1,"featured_media":0,"parent":0,"menu_order":0,"comment_status":"closed","ping_status":"closed","template":"","meta":{"footnotes":""},"class_list":["post-2888","page","type-page","status-publish","hentry"],"_links":{"self":[{"href":"https:\/\/celebrityjewellers.com\/en\/wp-json\/wp\/v2\/pages\/2888","targetHints":{"allow":["GET"]}}],"collection":[{"href":"https:\/\/celebrityjewellers.com\/en\/wp-json\/wp\/v2\/pages"}],"about":[{"href":"https:\/\/celebrityjewellers.com\/en\/wp-json\/wp\/v2\/types\/page"}],"author":[{"embeddable":true,"href":"https:\/\/celebrityjewellers.com\/en\/wp-json\/wp\/v2\/users\/1"}],"replies":[{"embeddable":true,"href":"https:\/\/celebrityjewellers.com\/en\/wp-json\/wp\/v2\/comments?post=2888"}],"version-history":[{"count":10,"href":"https:\/\/celebrityjewellers.com\/en\/wp-json\/wp\/v2\/pages\/2888\/revisions"}],"predecessor-version":[{"id":27382,"href":"https:\/\/celebrityjewellers.com\/en\/wp-json\/wp\/v2\/pages\/2888\/revisions\/27382"}],"wp:attachment":[{"href":"https:\/\/celebrityjewellers.com\/en\/wp-json\/wp\/v2\/media?parent=2888"}],"curies":[{"name":"wp","href":"https:\/\/api.w.org\/{rel}","templated":true}]}}